{"id":23,"date":"2018-08-05T13:23:31","date_gmt":"2018-08-05T13:23:31","guid":{"rendered":"https:\/\/prodinfo.es\/?page_id=23"},"modified":"2024-05-20T17:27:04","modified_gmt":"2024-05-20T15:27:04","slug":"contacto","status":"publish","type":"page","link":"https:\/\/prodinfo.es\/?page_id=23","title":{"rendered":"Contactar"},"content":{"rendered":"\n<h1 class=\"wp-block-heading\">Contacto<\/h1>\n\n\n\n\n<div class=\"wpcf7 no-js\" id=\"wpcf7-f34-o1\" lang=\"es-ES\" dir=\"ltr\" data-wpcf7-id=\"34\">\n<div class=\"screen-reader-response\"><p role=\"status\" aria-live=\"polite\" aria-atomic=\"true\"><\/p> <ul><\/ul><\/div>\n<form action=\"\/index.php?rest_route=%2Fwp%2Fv2%2Fpages%2F23#wpcf7-f34-o1\" method=\"post\" class=\"wpcf7-form init\" aria-label=\"Formulario de contacto\" novalidate=\"novalidate\" data-status=\"init\">\n<fieldset class=\"hidden-fields-container\"><input type=\"hidden\" name=\"_wpcf7\" value=\"34\" \/><input type=\"hidden\" name=\"_wpcf7_version\" value=\"6.1.5\" \/><input type=\"hidden\" name=\"_wpcf7_locale\" value=\"es_ES\" \/><input type=\"hidden\" name=\"_wpcf7_unit_tag\" value=\"wpcf7-f34-o1\" \/><input type=\"hidden\" name=\"_wpcf7_container_post\" value=\"0\" \/><input type=\"hidden\" name=\"_wpcf7_posted_data_hash\" value=\"\" \/><input type=\"hidden\" name=\"_wpcf7_recaptcha_response\" value=\"\" \/>\n<\/fieldset>\n<p><label> Tu nombre (requerido)<br \/>\n<span class=\"wpcf7-form-control-wrap\" data-name=\"your-name\"><input size=\"40\" maxlength=\"400\" class=\"wpcf7-form-control wpcf7-text wpcf7-validates-as-required\" aria-required=\"true\" aria-invalid=\"false\" value=\"\" type=\"text\" name=\"your-name\" \/><\/span> <\/label>\n<\/p>\n<p><label> Tu correo electr\u00f3nico (requerido)<br \/>\n<span class=\"wpcf7-form-control-wrap\" data-name=\"your-email\"><input size=\"40\" maxlength=\"400\" class=\"wpcf7-form-control wpcf7-email wpcf7-validates-as-required wpcf7-text wpcf7-validates-as-email\" aria-required=\"true\" aria-invalid=\"false\" value=\"\" type=\"email\" name=\"your-email\" \/><\/span> <\/label>\n<\/p>\n<p><label> Asunto<br \/>\n<span class=\"wpcf7-form-control-wrap\" data-name=\"your-subject\"><input size=\"40\" maxlength=\"400\" class=\"wpcf7-form-control wpcf7-text\" aria-invalid=\"false\" value=\"\" type=\"text\" name=\"your-subject\" \/><\/span> <\/label>\n<\/p>\n<p><label> Tu mensaje<br \/>\n<span class=\"wpcf7-form-control-wrap\" data-name=\"your-message\"><textarea cols=\"40\" rows=\"10\" maxlength=\"2000\" class=\"wpcf7-form-control wpcf7-textarea\" aria-invalid=\"false\" name=\"your-message\"><\/textarea><\/span> <\/label>\n<\/p>\n<p><span class=\"wpcf7-form-control-wrap\" data-name=\"your-consent\"><span class=\"wpcf7-form-control wpcf7-acceptance\"><span class=\"wpcf7-list-item\"><label><input type=\"checkbox\" name=\"your-consent\" value=\"1\" aria-invalid=\"false\" \/><span class=\"wpcf7-list-item-label\">Acepto la pol\u00edtica de <a href=\"\/proteccion-de-datos\/\">protecci\u00f3n de datos<\/a><\/span><\/label><\/span><\/span><\/span>\n<\/p>\n<p><div id=\"cf7sr-69fb2d4486ded\" class=\"cf7sr-g-recaptcha\" data-theme=\"light\" data-type=\"image\" data-size=\"normal\" data-sitekey=\"6LfpIkEdAAAAAIDDTnMC2u9xEhJSRM7km5aE4tca\"><\/div><span class=\"wpcf7-form-control-wrap cf7sr-recaptcha\" data-name=\"cf7sr-recaptcha\"><input type=\"hidden\" name=\"cf7sr-recaptcha\" value=\"\" class=\"wpcf7-form-control\"><\/span>\n<\/p>\n<p><input class=\"wpcf7-form-control wpcf7-submit has-spinner\" type=\"submit\" value=\"Enviar\" \/>\n<\/p><div class=\"wpcf7-response-output\" aria-hidden=\"true\"><\/div>\n<\/form>\n<\/div>\n\n\n\n\n<p>JAVIER GO\u00d1I AGUIRRE, como responsable del tratamiento, le informa que sus datos son recabados con la finalidad de: Recoger los datos de car\u00e1cter personal que sean obtenidos a trav\u00e9s de los formularios de contacto disponibles en la p\u00e1gina web de la empresa para el contacto con el solicitante y env\u00edo de boletines publicitarios.. La base jur\u00eddica para el tratamiento es el consentimiento del interesado. Sus datos no se ceder\u00e1n a terceros salvo obligaci\u00f3n legal. Cualquier persona tiene derecho a solicitar el acceso, rectificaci\u00f3n, supresi\u00f3n, limitaci\u00f3n del tratamiento, oposici\u00f3n o derecho a la portabilidad de sus datos personales, escribi\u00e9ndonos a la direcci\u00f3n de nuestras oficinas, o enviando un correo electr\u00f3nico a info@prodinfo.es, indicando el derecho que desea ejercer. Puede obtener informaci\u00f3n adicional en el apartado de <a href=\"https:\/\/prodinfo.es\/proteccion-de-datos\/\" data-type=\"page\" data-id=\"104\">PROTECCI\u00d3N DE DATOS<\/a>.<\/p>\n","protected":false},"excerpt":{"rendered":"<p>Contacto JAVIER GO\u00d1I AGUIRRE, como responsable del tratamiento, le informa que sus datos son recabados con la finalidad de: Recoger los datos de car\u00e1cter personal que sean obtenidos a trav\u00e9s de los formularios de contacto disponibles en la p\u00e1gina web de la empresa para el contacto con el solicitante y env\u00edo de boletines publicitarios.. La<\/p><\/div>\n<div class=\"blog-btn\"><a href=\"https:\/\/prodinfo.es\/?page_id=23\" class=\"home-blog-btn\">Leer m\u00e1s<\/a><\/p>\n","protected":false},"author":1,"featured_media":0,"parent":0,"menu_order":0,"comment_status":"closed","ping_status":"closed","template":"template\/template-about.php","meta":{"footnotes":""},"class_list":["post-23","page","type-page","status-publish","hentry"],"_links":{"self":[{"href":"https:\/\/prodinfo.es\/index.php?rest_route=\/wp\/v2\/pages\/23","targetHints":{"allow":["GET"]}}],"collection":[{"href":"https:\/\/prodinfo.es\/index.php?rest_route=\/wp\/v2\/pages"}],"about":[{"href":"https:\/\/prodinfo.es\/index.php?rest_route=\/wp\/v2\/types\/page"}],"author":[{"embeddable":true,"href":"https:\/\/prodinfo.es\/index.php?rest_route=\/wp\/v2\/users\/1"}],"replies":[{"embeddable":true,"href":"https:\/\/prodinfo.es\/index.php?rest_route=%2Fwp%2Fv2%2Fcomments&post=23"}],"version-history":[{"count":35,"href":"https:\/\/prodinfo.es\/index.php?rest_route=\/wp\/v2\/pages\/23\/revisions"}],"predecessor-version":[{"id":362,"href":"https:\/\/prodinfo.es\/index.php?rest_route=\/wp\/v2\/pages\/23\/revisions\/362"}],"wp:attachment":[{"href":"https:\/\/prodinfo.es\/index.php?rest_route=%2Fwp%2Fv2%2Fmedia&parent=23"}],"curies":[{"name":"wp","href":"https:\/\/api.w.org\/{rel}","templated":true}]}}