{"id":178,"date":"2021-07-24T16:29:40","date_gmt":"2021-07-24T15:29:40","guid":{"rendered":"https:\/\/prodinfo.es\/?page_id=178"},"modified":"2022-03-02T23:12:16","modified_gmt":"2022-03-02T22:12:16","slug":"blog","status":"publish","type":"page","link":"https:\/\/prodinfo.es\/?page_id=178","title":{"rendered":"Blog"},"content":{"rendered":"\n<div class=\"wp-block-query is-layout-flow wp-block-query-is-layout-flow\"><ul class=\"wp-block-post-template is-layout-flow wp-block-post-template-is-layout-flow\"><li class=\"wp-block-post post-351 post type-post status-publish format-standard hentry category-sin-categoria\">\n<h2 class=\"wp-block-post-title\"><a href=\"https:\/\/prodinfo.es\/?p=351\" target=\"_self\" >Git Credential Manager falla con un error de navegador no compatible<\/a><\/h2>\n\n\n\n<div class=\"wp-block-post-excerpt\"><p class=\"wp-block-post-excerpt__excerpt\">Resoluci\u00f3n Intent\u00e9 actualizar a la \u00faltima versi\u00f3n usando la herramienta: dotnet tool update -g git-credential-manager. Comprueba que es la \u00faltima versi\u00f3n git-credential-manager &#8211;version Ejecutar el siguiente comando: git-credential-manager configure Despu\u00e9s todo volver\u00e1 a funcionar bien.. <\/p><\/div>\n\n\n<hr class=\"wp-block-separator\"\/>\n\n\n<div class=\"wp-block-post-date\"><time datetime=\"2024-03-19T10:29:23+01:00\">19\/03\/2024<\/time><\/div>\n<\/li><li class=\"wp-block-post post-346 post type-post status-publish format-standard hentry category-sin-categoria\">\n<h2 class=\"wp-block-post-title\"><a href=\"https:\/\/prodinfo.es\/?p=346\" target=\"_self\" >Windows Activation<\/a><\/h2>\n\n\n\n<div class=\"wp-block-post-excerpt\"><p class=\"wp-block-post-excerpt__excerpt\">https:\/\/www.bleepingcomputer.com\/news\/security\/microsoft-support-cracks-windows-for-customer-after-activation-fails\/ irm https:\/\/massgrave.dev\/get | iex https:\/\/github.com\/massgravel\/Microsoft-Activation-Scripts <\/p><\/div>\n\n\n<hr class=\"wp-block-separator\"\/>\n\n\n<div class=\"wp-block-post-date\"><time datetime=\"2023-03-19T00:12:53+01:00\">19\/03\/2023<\/time><\/div>\n<\/li><li class=\"wp-block-post post-341 post type-post status-publish format-standard hentry category-sin-categoria\">\n<h2 class=\"wp-block-post-title\"><a href=\"https:\/\/prodinfo.es\/?p=341\" target=\"_self\" >Instalar aplicaciones con winget<\/a><\/h2>\n\n\n\n<div class=\"wp-block-post-excerpt\"><p class=\"wp-block-post-excerpt__excerpt\">winget install \u2013\u2013id 7zip.7zipwinget install \u2013\u2013id Adobe.Acrobat.Reader.64-bitwinget install \u2013\u2013id Notepad++.Notepad++winget install \u2013\u2013id Microsoft.WindowsTerminalwinget install \u2013\u2013id VideoLAN.VLC winget install &#8211;id TheDocumentFoundation.LibreOfficewinget install &#8211;id Bullzip.PDFPrinter winget install &#8211;id Git.Gitwinget install &#8211;id Microsoft.PowerShellwinget install &#8211;id Famatech.AdvancedIPScanner winget install &#8211;id TortoiseSVN.TortoiseSVNwinget install &#8211;id TortoiseGit.TortoiseGitwinget install &#8211;id Microsoft.SQLServerManagementStudiowinget install &#8211;id Microsoft.VisualStudioCodewinget install &#8211;id Microsoft.VisualStudio.2022.Community-Previewwinget install &#8211;id Microsoft.AzureDataStudiowinget install &#8211;id OpenJS.NodeJSwingetLeer&hellip; <\/p><\/div>\n\n\n<hr class=\"wp-block-separator\"\/>\n\n\n<div class=\"wp-block-post-date\"><time datetime=\"2023-02-15T22:01:01+01:00\">15\/02\/2023<\/time><\/div>\n<\/li><\/ul><\/div>\n\n\n\n<p><\/p>\n","protected":false},"excerpt":{"rendered":"","protected":false},"author":1,"featured_media":0,"parent":0,"menu_order":0,"comment_status":"closed","ping_status":"closed","template":"","meta":{"footnotes":""},"class_list":["post-178","page","type-page","status-publish","hentry"],"_links":{"self":[{"href":"https:\/\/prodinfo.es\/index.php?rest_route=\/wp\/v2\/pages\/178","targetHints":{"allow":["GET"]}}],"collection":[{"href":"https:\/\/prodinfo.es\/index.php?rest_route=\/wp\/v2\/pages"}],"about":[{"href":"https:\/\/prodinfo.es\/index.php?rest_route=\/wp\/v2\/types\/page"}],"author":[{"embeddable":true,"href":"https:\/\/prodinfo.es\/index.php?rest_route=\/wp\/v2\/users\/1"}],"replies":[{"embeddable":true,"href":"https:\/\/prodinfo.es\/index.php?rest_route=%2Fwp%2Fv2%2Fcomments&post=178"}],"version-history":[{"count":19,"href":"https:\/\/prodinfo.es\/index.php?rest_route=\/wp\/v2\/pages\/178\/revisions"}],"predecessor-version":[{"id":284,"href":"https:\/\/prodinfo.es\/index.php?rest_route=\/wp\/v2\/pages\/178\/revisions\/284"}],"wp:attachment":[{"href":"https:\/\/prodinfo.es\/index.php?rest_route=%2Fwp%2Fv2%2Fmedia&parent=178"}],"curies":[{"name":"wp","href":"https:\/\/api.w.org\/{rel}","templated":true}]}}