{"id":148,"date":"2021-07-24T16:06:11","date_gmt":"2021-07-24T15:06:11","guid":{"rendered":"https:\/\/prodinfo.es\/?page_id=148"},"modified":"2022-09-13T11:06:24","modified_gmt":"2022-09-13T09:06:24","slug":"nosotros","status":"publish","type":"page","link":"https:\/\/prodinfo.es\/?page_id=148","title":{"rendered":"Nosotros"},"content":{"rendered":"\n<div class=\"wp-block-columns is-layout-flex wp-container-core-columns-is-layout-9d6595d7 wp-block-columns-is-layout-flex\">\n<div class=\"wp-block-column is-layout-flow wp-block-column-is-layout-flow\">\n<figure class=\"wp-block-image is-style-rounded\"><img decoding=\"async\" src=\"https:\/\/prodinfo.es\/wp-content\/uploads\/2021\/07\/nosotros.png\" alt=\"\"\/><\/figure>\n<\/div>\n\n\n\n<div class=\"wp-block-column is-layout-flow wp-block-column-is-layout-flow\">\n<p class=\"has-medium-font-size\"><strong>ProDInfo<\/strong>, inici\u00f3 su actividad en el a\u00f1o&nbsp;2001&nbsp;de programaci\u00f3n y dise\u00f1o de aplicaciones para ordenador.<br><\/p>\n\n\n\n<p class=\"has-medium-font-size\">Con el paso del tiempo hemos ayudado a diferentes empresas a mejorar sus sistemas productivos y aportar herramientas para lograr sus objetivos.<br>Actualmente como <strong>Partners de Microsoft<\/strong> ofrecemos soluciones en la nube, que mejoran la din\u00e1mica y seguridad que necesitan las empresas.<br>Tambi\u00e9n hemos colaborado con otras empresas del sector para agilizar la implantaci\u00f3n y el desarrollo de los sistemas.&nbsp;<\/p>\n<\/div>\n<\/div>\n","protected":false},"excerpt":{"rendered":"<p>ProDInfo, inici\u00f3 su actividad en el a\u00f1o&nbsp;2001&nbsp;de programaci\u00f3n y dise\u00f1o de aplicaciones para ordenador. Con el paso del tiempo hemos ayudado a diferentes empresas a mejorar sus sistemas productivos y aportar herramientas para lograr sus objetivos.Actualmente como Partners de Microsoft ofrecemos soluciones en la nube, que mejoran la din\u00e1mica y seguridad que necesitan las empresas.Tambi\u00e9n<\/p><\/div>\n<div class=\"blog-btn\"><a href=\"https:\/\/prodinfo.es\/?page_id=148\" class=\"home-blog-btn\">Leer m\u00e1s<\/a><\/p>\n","protected":false},"author":1,"featured_media":0,"parent":0,"menu_order":0,"comment_status":"closed","ping_status":"closed","template":"template\/template-about.php","meta":{"footnotes":""},"class_list":["post-148","page","type-page","status-publish","hentry"],"_links":{"self":[{"href":"https:\/\/prodinfo.es\/index.php?rest_route=\/wp\/v2\/pages\/148","targetHints":{"allow":["GET"]}}],"collection":[{"href":"https:\/\/prodinfo.es\/index.php?rest_route=\/wp\/v2\/pages"}],"about":[{"href":"https:\/\/prodinfo.es\/index.php?rest_route=\/wp\/v2\/types\/page"}],"author":[{"embeddable":true,"href":"https:\/\/prodinfo.es\/index.php?rest_route=\/wp\/v2\/users\/1"}],"replies":[{"embeddable":true,"href":"https:\/\/prodinfo.es\/index.php?rest_route=%2Fwp%2Fv2%2Fcomments&post=148"}],"version-history":[{"count":26,"href":"https:\/\/prodinfo.es\/index.php?rest_route=\/wp\/v2\/pages\/148\/revisions"}],"predecessor-version":[{"id":313,"href":"https:\/\/prodinfo.es\/index.php?rest_route=\/wp\/v2\/pages\/148\/revisions\/313"}],"wp:attachment":[{"href":"https:\/\/prodinfo.es\/index.php?rest_route=%2Fwp%2Fv2%2Fmedia&parent=148"}],"curies":[{"name":"wp","href":"https:\/\/api.w.org\/{rel}","templated":true}]}}