{"id":139,"date":"2021-07-24T15:55:25","date_gmt":"2021-07-24T14:55:25","guid":{"rendered":"https:\/\/prodinfo.es\/?page_id=139"},"modified":"2023-02-16T10:23:17","modified_gmt":"2023-02-16T09:23:17","slug":"soporte-tecnico","status":"publish","type":"page","link":"https:\/\/prodinfo.es\/?page_id=139","title":{"rendered":"Soporte t\u00e9cnico"},"content":{"rendered":"\n<h2 class=\"wp-block-heading\">Soporte remoto<\/h2>\n\n\n\n<blockquote class=\"wp-block-quote is-style-default is-layout-flow wp-block-quote-is-layout-flow\">\n<p>Le damos la asistencia m\u00e1s r\u00e1pida posible. Cuando usted lo solicite pida a nuestro servicio t\u00e9cnico que le asista telef\u00f3nicamente v\u00eda Internet.<\/p>\n<\/blockquote>\n\n\n\n<div class=\"wp-block-buttons is-content-justification-center is-layout-flex wp-container-core-buttons-is-layout-16018d1d wp-block-buttons-is-layout-flex\">\n<div class=\"wp-block-button is-style-fill\"><a class=\"wp-block-button__link has-vivid-cyan-blue-background-color has-background wp-element-button\" href=\"https:\/\/get.teamviewer.com\/prodinfo\" target=\"_blank\" rel=\"noreferrer noopener\">Descargar soporte remoto<\/a><\/div>\n<\/div>\n\n\n\n<p>Soporte remoto es un m\u00f3dulo de cliente muy compacto que no requiere instalaci\u00f3n y es ideal para el soporte inmediato<\/p>\n\n\n\n<hr class=\"wp-block-separator has-alpha-channel-opacity is-style-default\"\/>\n\n\n\n<h2 class=\"wp-block-heading\">Contratos de mantenimiento<\/h2>\n\n\n\n<ul class=\"wp-block-list\">\n<li>Pida presupuesto sin compromiso<\/li>\n\n\n\n<li>Controle sus gastos inform\u00e1ticos<\/li>\n<\/ul>\n\n\n\n<div class=\"wp-block-buttons is-content-justification-center is-layout-flex wp-container-core-buttons-is-layout-16018d1d wp-block-buttons-is-layout-flex\">\n<div class=\"wp-block-button is-style-fill\"><a class=\"wp-block-button__link has-vivid-cyan-blue-background-color has-background wp-element-button\" href=\"\/contacto\">Solicitar m\u00e1s informaci\u00f3n<\/a><\/div>\n<\/div>\n","protected":false},"excerpt":{"rendered":"<p>Soporte remoto Le damos la asistencia m\u00e1s r\u00e1pida posible. Cuando usted lo solicite pida a nuestro servicio t\u00e9cnico que le asista telef\u00f3nicamente v\u00eda Internet. Soporte remoto es un m\u00f3dulo de cliente muy compacto que no requiere instalaci\u00f3n y es ideal para el soporte inmediato Contratos de mantenimiento<\/p>\n","protected":false},"author":1,"featured_media":0,"parent":0,"menu_order":0,"comment_status":"closed","ping_status":"closed","template":"template\/template-page-full-width.php","meta":{"footnotes":""},"class_list":["post-139","page","type-page","status-publish","hentry"],"_links":{"self":[{"href":"https:\/\/prodinfo.es\/index.php?rest_route=\/wp\/v2\/pages\/139","targetHints":{"allow":["GET"]}}],"collection":[{"href":"https:\/\/prodinfo.es\/index.php?rest_route=\/wp\/v2\/pages"}],"about":[{"href":"https:\/\/prodinfo.es\/index.php?rest_route=\/wp\/v2\/types\/page"}],"author":[{"embeddable":true,"href":"https:\/\/prodinfo.es\/index.php?rest_route=\/wp\/v2\/users\/1"}],"replies":[{"embeddable":true,"href":"https:\/\/prodinfo.es\/index.php?rest_route=%2Fwp%2Fv2%2Fcomments&post=139"}],"version-history":[{"count":16,"href":"https:\/\/prodinfo.es\/index.php?rest_route=\/wp\/v2\/pages\/139\/revisions"}],"predecessor-version":[{"id":344,"href":"https:\/\/prodinfo.es\/index.php?rest_route=\/wp\/v2\/pages\/139\/revisions\/344"}],"wp:attachment":[{"href":"https:\/\/prodinfo.es\/index.php?rest_route=%2Fwp%2Fv2%2Fmedia&parent=139"}],"curies":[{"name":"wp","href":"https:\/\/api.w.org\/{rel}","templated":true}]}}